{"id":1351,"date":"2025-11-28T13:47:44","date_gmt":"2025-11-28T16:47:44","guid":{"rendered":"https:\/\/cepetiprovisorio.com.br\/?page_id=1351"},"modified":"2026-03-19T14:12:28","modified_gmt":"2026-03-19T17:12:28","slug":"blog","status":"publish","type":"page","link":"https:\/\/cepetiprovisorio.com.br\/index.php\/blog\/","title":{"rendered":"Blog"},"content":{"rendered":"\t\t<div data-elementor-type=\"wp-page\" data-elementor-id=\"1351\" class=\"elementor elementor-1351\">\n\t\t\t\t\t\t<section class=\"elementor-section elementor-top-section elementor-element elementor-element-7804c5950 elementor-section-boxed elementor-section-height-default elementor-section-height-default wpr-particle-no wpr-jarallax-no wpr-parallax-no wpr-sticky-section-no\" data-id=\"7804c5950\" data-element_type=\"section\" data-e-type=\"section\">\n\t\t\t\t\t\t<div class=\"elementor-container elementor-column-gap-default\">\n\t\t\t\t\t<div class=\"elementor-column elementor-col-100 elementor-top-column elementor-element elementor-element-102859b0\" data-id=\"102859b0\" data-element_type=\"column\" data-e-type=\"column\">\n\t\t\t<div class=\"elementor-widget-wrap\">\n\t\t\t\t\t\t\t<\/div>\n\t\t<\/div>\n\t\t\t\t\t<\/div>\n\t\t<\/section>\n\t\t<div class=\"elementor-element elementor-element-625512a e-flex e-con-boxed wpr-particle-no wpr-jarallax-no wpr-parallax-no wpr-sticky-section-no e-con e-parent\" data-id=\"625512a\" data-element_type=\"container\" data-e-type=\"container\">\n\t\t\t\t\t<div class=\"e-con-inner\">\n\t\t\t\t<div class=\"elementor-element elementor-element-19c5c95 elementor-widget elementor-widget-heading\" data-id=\"19c5c95\" data-element_type=\"widget\" data-e-type=\"widget\" data-widget_type=\"heading.default\">\n\t\t\t\t\t<h2 class=\"elementor-heading-title elementor-size-default\">Acontece no CEPETI:<\/h2>\t\t\t\t<\/div>\n\t\t\t\t<div class=\"elementor-element elementor-element-69a95c6 elementor-grid-eael-col-4 elementor-grid-tablet-eael-col-2 elementor-grid-mobile-eael-col-1 elementor-widget elementor-widget-eael-post-grid\" data-id=\"69a95c6\" data-element_type=\"widget\" data-e-type=\"widget\" data-settings=\"{&quot;eael_post_grid_columns&quot;:&quot;eael-col-4&quot;,&quot;eael_post_grid_columns_tablet&quot;:&quot;eael-col-2&quot;,&quot;eael_post_grid_columns_mobile&quot;:&quot;eael-col-1&quot;}\" data-widget_type=\"eael-post-grid.default\">\n\t\t\t\t\t<div id=\"eael-post-grid-69a95c6\" class=\"eael-post-grid-container\">\n            <div class=\"eael-post-grid eael-post-appender eael-post-appender-69a95c6 eael-post-grid-style-two\" data-layout-mode=\"grid\"><article class=\"eael-grid-post  eael-post-grid-column eael-pg-post-2304 category-sem-categoria\" data-id=\"2304\">\n    <div class=\"eael-grid-post-holder\">\n        <div class=\"eael-grid-post-holder-inner\"><div class=\"eael-entry-media\"><div class=\"eael-entry-overlay fade-in\"><i class=\"fas fa-long-arrow-alt-right\" aria-hidden=\"true\"><\/i><a href=\"https:\/\/cepetiprovisorio.com.br\/index.php\/2026\/04\/09\/hemostasia-de-precisao-na-uti-do-modelo-celular-as-terapias-alvo\/\"><\/a><\/div><div class=\"eael-entry-thumbnail \">\n                            <img fetchpriority=\"high\" decoding=\"async\" width=\"225\" height=\"300\" src=\"https:\/\/cepetiprovisorio.com.br\/wp-content\/uploads\/2026\/04\/WhatsApp-Image-2026-04-09-at-09.47.44-225x300.jpeg\" class=\"attachment-medium size-medium wp-image-2289\" alt=\"\" srcset=\"https:\/\/cepetiprovisorio.com.br\/wp-content\/uploads\/2026\/04\/WhatsApp-Image-2026-04-09-at-09.47.44-225x300.jpeg 225w, https:\/\/cepetiprovisorio.com.br\/wp-content\/uploads\/2026\/04\/WhatsApp-Image-2026-04-09-at-09.47.44-768x1024.jpeg 768w, https:\/\/cepetiprovisorio.com.br\/wp-content\/uploads\/2026\/04\/WhatsApp-Image-2026-04-09-at-09.47.44-1152x1536.jpeg 1152w, https:\/\/cepetiprovisorio.com.br\/wp-content\/uploads\/2026\/04\/WhatsApp-Image-2026-04-09-at-09.47.44.jpeg 1200w\" sizes=\"(max-width: 225px) 100vw, 225px\" \/>\n                            <\/div>\n                    <\/div><div class=\"eael-entry-wrapper\"><header class=\"eael-entry-header\"><h3 class=\"eael-entry-title\"><a class=\"eael-grid-post-link\" href=\"https:\/\/cepetiprovisorio.com.br\/index.php\/2026\/04\/09\/hemostasia-de-precisao-na-uti-do-modelo-celular-as-terapias-alvo\/\" title=\"Hemostasia de Precis\u00e3o na UTI: Do Modelo Celular \u00e0s Terapias Alvo\">Hemostasia de Precis\u00e3o na UTI: Do Modelo Celular \u00e0s Terapias Alvo<\/a><\/h3><\/header><div class=\"eael-entry-content\">\n                                <div class=\"eael-grid-post-excerpt\"><p>1. A Evolu\u00e7\u00e3o da Fisiologia: Do Modelo de Cascata ao...<\/p><a href=\"https:\/\/cepetiprovisorio.com.br\/index.php\/2026\/04\/09\/hemostasia-de-precisao-na-uti-do-modelo-celular-as-terapias-alvo\/\" class=\"eael-post-elements-readmore-btn\">Leia mais<\/a><\/div>\n                            <\/div><div class=\"eael-entry-header-after style-two\"><div class=\"eael-entry-meta\"><span class=\"eael-meta-posted-on\"><i class=\"far fa-clock\"><\/i><time datetime=\"9 de abril de 2026\">9 de abril de 2026<\/time><\/span><\/div><\/div><\/div><\/div>\n    <\/div>\n<\/article><article class=\"eael-grid-post  eael-post-grid-column eael-pg-post-2301 category-sem-categoria\" data-id=\"2301\">\n    <div class=\"eael-grid-post-holder\">\n        <div class=\"eael-grid-post-holder-inner\"><div class=\"eael-entry-media\"><div class=\"eael-entry-overlay fade-in\"><i class=\"fas fa-long-arrow-alt-right\" aria-hidden=\"true\"><\/i><a href=\"https:\/\/cepetiprovisorio.com.br\/index.php\/2026\/04\/09\/artigo-rc-reuniao-magna-24-de-marco-dra-viviane\/\"><\/a><\/div><div class=\"eael-entry-thumbnail \">\n                            <img decoding=\"async\" width=\"300\" height=\"177\" src=\"https:\/\/cepetiprovisorio.com.br\/wp-content\/uploads\/2026\/04\/WhatsApp-Image-2026-04-02-at-15.05.46-300x177.jpeg\" class=\"attachment-medium size-medium wp-image-2302\" alt=\"\" srcset=\"https:\/\/cepetiprovisorio.com.br\/wp-content\/uploads\/2026\/04\/WhatsApp-Image-2026-04-02-at-15.05.46-300x177.jpeg 300w, https:\/\/cepetiprovisorio.com.br\/wp-content\/uploads\/2026\/04\/WhatsApp-Image-2026-04-02-at-15.05.46-768x454.jpeg 768w, https:\/\/cepetiprovisorio.com.br\/wp-content\/uploads\/2026\/04\/WhatsApp-Image-2026-04-02-at-15.05.46.jpeg 792w\" sizes=\"(max-width: 300px) 100vw, 300px\" \/>\n                            <\/div>\n                    <\/div><div class=\"eael-entry-wrapper\"><header class=\"eael-entry-header\"><h3 class=\"eael-entry-title\"><a class=\"eael-grid-post-link\" href=\"https:\/\/cepetiprovisorio.com.br\/index.php\/2026\/04\/09\/artigo-rc-reuniao-magna-24-de-marco-dra-viviane\/\" title=\"ARTIGO RC \u2013 REUNIAO MAGNA 24 DE MAR\u00c7O \u2013 DRA VIVIANE\">ARTIGO RC \u2013 REUNIAO MAGNA 24 DE MAR\u00c7O \u2013 DRA VIVIANE<\/a><\/h3><\/header><div class=\"eael-entry-content\">\n                                <div class=\"eael-grid-post-excerpt\"><p>Ventila\u00e7\u00e3o Mec\u00e2nica Protetora: Da Fisiopatologia \u00e0 Monitoriza\u00e7\u00e3o Avan\u00e7ada \u00e0 Beira-Leito...<\/p><a href=\"https:\/\/cepetiprovisorio.com.br\/index.php\/2026\/04\/09\/artigo-rc-reuniao-magna-24-de-marco-dra-viviane\/\" class=\"eael-post-elements-readmore-btn\">Leia mais<\/a><\/div>\n                            <\/div><div class=\"eael-entry-header-after style-two\"><div class=\"eael-entry-meta\"><span class=\"eael-meta-posted-on\"><i class=\"far fa-clock\"><\/i><time datetime=\"9 de abril de 2026\">9 de abril de 2026<\/time><\/span><\/div><\/div><\/div><\/div>\n    <\/div>\n<\/article><article class=\"eael-grid-post  eael-post-grid-column eael-pg-post-2228 category-sem-categoria\" data-id=\"2228\">\n    <div class=\"eael-grid-post-holder\">\n        <div class=\"eael-grid-post-holder-inner\"><div class=\"eael-entry-media\"><div class=\"eael-entry-overlay fade-in\"><i class=\"fas fa-long-arrow-alt-right\" aria-hidden=\"true\"><\/i><a href=\"https:\/\/cepetiprovisorio.com.br\/index.php\/2026\/03\/19\/primeira-reuniao-cientifica-magna-de-2026-reforca-tradicao-do-cepeti-em-ensino-em-medicina-intensiva\/\"><\/a><\/div><div class=\"eael-entry-thumbnail \">\n                            <img decoding=\"async\" width=\"300\" height=\"169\" src=\"https:\/\/cepetiprovisorio.com.br\/wp-content\/uploads\/2026\/03\/IMG_2950-1-300x169.jpg\" class=\"attachment-medium size-medium wp-image-2230\" alt=\"\" srcset=\"https:\/\/cepetiprovisorio.com.br\/wp-content\/uploads\/2026\/03\/IMG_2950-1-300x169.jpg 300w, https:\/\/cepetiprovisorio.com.br\/wp-content\/uploads\/2026\/03\/IMG_2950-1-1024x576.jpg 1024w, https:\/\/cepetiprovisorio.com.br\/wp-content\/uploads\/2026\/03\/IMG_2950-1-768x432.jpg 768w, https:\/\/cepetiprovisorio.com.br\/wp-content\/uploads\/2026\/03\/IMG_2950-1-1536x864.jpg 1536w, https:\/\/cepetiprovisorio.com.br\/wp-content\/uploads\/2026\/03\/IMG_2950-1-2048x1152.jpg 2048w\" sizes=\"(max-width: 300px) 100vw, 300px\" \/>\n                            <\/div>\n                    <\/div><div class=\"eael-entry-wrapper\"><header class=\"eael-entry-header\"><h3 class=\"eael-entry-title\"><a class=\"eael-grid-post-link\" href=\"https:\/\/cepetiprovisorio.com.br\/index.php\/2026\/03\/19\/primeira-reuniao-cientifica-magna-de-2026-reforca-tradicao-do-cepeti-em-ensino-em-medicina-intensiva\/\" title=\"Primeira Reuni\u00e3o Cient\u00edfica Magna de 2026 refor\u00e7a tradi\u00e7\u00e3o do CEPETI em ensino em Medicina Intensiva\">Primeira Reuni\u00e3o Cient\u00edfica Magna de 2026 refor\u00e7a tradi\u00e7\u00e3o do CEPETI em ensino em Medicina Intensiva<\/a><\/h3><\/header><div class=\"eael-entry-content\">\n                                <div class=\"eael-grid-post-excerpt\"><p>A primeira Reuni\u00e3o Cient\u00edfica Magna de 2026 do CEPETI marcou...<\/p><a href=\"https:\/\/cepetiprovisorio.com.br\/index.php\/2026\/03\/19\/primeira-reuniao-cientifica-magna-de-2026-reforca-tradicao-do-cepeti-em-ensino-em-medicina-intensiva\/\" class=\"eael-post-elements-readmore-btn\">Leia mais<\/a><\/div>\n                            <\/div><div class=\"eael-entry-header-after style-two\"><div class=\"eael-entry-meta\"><span class=\"eael-meta-posted-on\"><i class=\"far fa-clock\"><\/i><time datetime=\"19 de mar\u00e7o de 2026\">19 de mar\u00e7o de 2026<\/time><\/span><\/div><\/div><\/div><\/div>\n    <\/div>\n<\/article><article class=\"eael-grid-post  eael-post-grid-column eael-pg-post-2119 category-sem-categoria\" data-id=\"2119\">\n    <div class=\"eael-grid-post-holder\">\n        <div class=\"eael-grid-post-holder-inner\"><div class=\"eael-entry-media\"><div class=\"eael-entry-overlay fade-in\"><i class=\"fas fa-long-arrow-alt-right\" aria-hidden=\"true\"><\/i><a href=\"https:\/\/cepetiprovisorio.com.br\/index.php\/2026\/03\/17\/o-proximo-passo-na-sua-formacao\/\"><\/a><\/div><div class=\"eael-entry-thumbnail \">\n                            <img loading=\"lazy\" decoding=\"async\" width=\"300\" height=\"200\" src=\"https:\/\/cepetiprovisorio.com.br\/wp-content\/uploads\/2026\/03\/123-300x200.jpg\" class=\"attachment-medium size-medium wp-image-2060\" alt=\"\" srcset=\"https:\/\/cepetiprovisorio.com.br\/wp-content\/uploads\/2026\/03\/123-300x200.jpg 300w, https:\/\/cepetiprovisorio.com.br\/wp-content\/uploads\/2026\/03\/123-1024x683.jpg 1024w, https:\/\/cepetiprovisorio.com.br\/wp-content\/uploads\/2026\/03\/123-768x512.jpg 768w, https:\/\/cepetiprovisorio.com.br\/wp-content\/uploads\/2026\/03\/123-1536x1024.jpg 1536w, https:\/\/cepetiprovisorio.com.br\/wp-content\/uploads\/2026\/03\/123-2048x1365.jpg 2048w\" sizes=\"(max-width: 300px) 100vw, 300px\" \/>\n                            <\/div>\n                    <\/div><div class=\"eael-entry-wrapper\"><header class=\"eael-entry-header\"><h3 class=\"eael-entry-title\"><a class=\"eael-grid-post-link\" href=\"https:\/\/cepetiprovisorio.com.br\/index.php\/2026\/03\/17\/o-proximo-passo-na-sua-formacao\/\" title=\"O pr\u00f3ximo passo na sua forma\u00e7\u00e3o\">O pr\u00f3ximo passo na sua forma\u00e7\u00e3o<\/a><\/h3><\/header><div class=\"eael-entry-content\">\n                                <div class=\"eael-grid-post-excerpt\"><p>Atuar na emerg\u00eancia e na UTI exige muito mais do...<\/p><a href=\"https:\/\/cepetiprovisorio.com.br\/index.php\/2026\/03\/17\/o-proximo-passo-na-sua-formacao\/\" class=\"eael-post-elements-readmore-btn\">Leia mais<\/a><\/div>\n                            <\/div><div class=\"eael-entry-header-after style-two\"><div class=\"eael-entry-meta\"><span class=\"eael-meta-posted-on\"><i class=\"far fa-clock\"><\/i><time datetime=\"17 de mar\u00e7o de 2026\">17 de mar\u00e7o de 2026<\/time><\/span><\/div><\/div><\/div><\/div>\n    <\/div>\n<\/article><\/div>\n            <div class=\"clearfix\"><\/div>\n        <\/div>            <div class=\"eael-load-more-button-wrap eael-force-hide\">\n                <button class=\"eael-load-more-button\" id=\"eael-load-more-btn-69a95c6\" data-widget-id=\"69a95c6\" data-widget=\"69a95c6\" data-page-id=\"1351\" data-template=\"{&quot;dir&quot;:&quot;lite&quot;,&quot;file_name&quot;:&quot;two.php&quot;,&quot;name&quot;:&quot;Post-Grid&quot;}\" data-class=\"Essential_Addons_Elementor\\Elements\\Post_Grid\" data-layout=\"grid\" data-page=\"1\" data-args=\"orderby=date&amp;order=desc&amp;ignore_sticky_posts=1&amp;post_status=publish&amp;posts_per_page=4&amp;offset=0&amp;post_type=post\" data-max-page=\"2\">\n                    <span class=\"eael-btn-loader button__loader\"><\/span>\n                    <span class=\"eael_load_more_text\">Carregar mais<\/span>\n                <\/button>\n            <\/div>\n            \t\t\t\t<\/div>\n\t\t\t\t\t<\/div>\n\t\t\t\t<\/div>\n\t\t\t\t<\/div>\n\t\t","protected":false},"excerpt":{"rendered":"<p>Acontece no CEPETI: O pr\u00f3ximo passo na sua forma\u00e7\u00e3o Atuar na emerg\u00eancia e na UTI exige muito mais do&#8230; Leia mais 17 de mar\u00e7o de 2026 Aprofunde seu racioc\u00ednio no paciente cr\u00edtico: como ganhar seguran\u00e7a na emerg\u00eancia desde o in\u00edcio da carreira Atuar na emerg\u00eancia e na UTI \u00e9 um dos maiores&#8230; Leia mais 17 de mar\u00e7o de 2026<\/p>\n","protected":false},"author":1,"featured_media":0,"parent":0,"menu_order":0,"comment_status":"closed","ping_status":"closed","template":"elementor_canvas","meta":{"footnotes":""},"class_list":["post-1351","page","type-page","status-publish","hentry"],"_links":{"self":[{"href":"https:\/\/cepetiprovisorio.com.br\/index.php\/wp-json\/wp\/v2\/pages\/1351","targetHints":{"allow":["GET"]}}],"collection":[{"href":"https:\/\/cepetiprovisorio.com.br\/index.php\/wp-json\/wp\/v2\/pages"}],"about":[{"href":"https:\/\/cepetiprovisorio.com.br\/index.php\/wp-json\/wp\/v2\/types\/page"}],"author":[{"embeddable":true,"href":"https:\/\/cepetiprovisorio.com.br\/index.php\/wp-json\/wp\/v2\/users\/1"}],"replies":[{"embeddable":true,"href":"https:\/\/cepetiprovisorio.com.br\/index.php\/wp-json\/wp\/v2\/comments?post=1351"}],"version-history":[{"count":23,"href":"https:\/\/cepetiprovisorio.com.br\/index.php\/wp-json\/wp\/v2\/pages\/1351\/revisions"}],"predecessor-version":[{"id":2197,"href":"https:\/\/cepetiprovisorio.com.br\/index.php\/wp-json\/wp\/v2\/pages\/1351\/revisions\/2197"}],"wp:attachment":[{"href":"https:\/\/cepetiprovisorio.com.br\/index.php\/wp-json\/wp\/v2\/media?parent=1351"}],"curies":[{"name":"wp","href":"https:\/\/api.w.org\/{rel}","templated":true}]}}